{"id":855,"date":"2017-07-19T11:53:24","date_gmt":"2017-07-19T09:53:24","guid":{"rendered":"http:\/\/www.las3liebres.eu\/?page_id=855"},"modified":"2025-06-12T20:59:54","modified_gmt":"2025-06-12T18:59:54","slug":"normas-rules","status":"publish","type":"page","link":"https:\/\/www.las3liebres.eu\/?page_id=855","title":{"rendered":"NORMAS &#8211; RULES"},"content":{"rendered":"<hr>\n<p style=\"text-align:center;\"><img loading=\"lazy\" decoding=\"async\" class=\"size-full wp-image-391 alignleft\" src=\"http:\/\/las3liebres.eu\/wp-content\/uploads\/2017\/05\/banderaespanola.gif\" alt=\"\" width=\"154\" height=\"110\" animated-media=\"animated-media\"><span style=\"color:#0000ff;\"><em><strong>Normas <\/strong><\/em><\/span><\/p>\n<p>Les damos las gracias por su confianza y les deseamos una feliz estancia.<\/p>\n<p><u>Para que pasen una estancia agradable y tambi\u00e9n para respetar a los dem\u00e1s hu\u00e9spedes ponemos a su disposici\u00f3n las siguientes reglas.<\/u><\/p>\n<ol>\n<li>Por favor respeten las horas de descanso y no hagan ruido de 00:00 Horas hasta las 10:00 Horas de la ma\u00f1ana. Por respeto a la tranquilidad de los hu\u00e9spedes, no est\u00e1n permitidos los equipos de m\u00fasica con sonido fuera de la casa, ni el uso de los coches para escuchar m\u00fasica. El volumen o sonido de los aparatos de televisi\u00f3n, debe ser, durante todo el d\u00eda, lo m\u00e1s adecuado posible para no molestar a los dem\u00e1s.<\/li>\n<li>No se puede hacer fuegos abiertos por el peligro de incendios. (Excepto las barbacoas).<\/li>\n<li>Las Tiendas de campa\u00f1as no est\u00e1n permitidas, si tienen piscinas hinchables hay que desplazarlas cada 3 d\u00edas.<\/li>\n<li>No laven ustedes mismos la ropa de cama ni las toallas, pidan recambio.<\/li>\n<li>No est\u00e1n permitidos los animales de compa\u00f1\u00eda.<\/li>\n<li>La basura pueden depositarla en bolsas cerradas dentro de los cubos.Hay que apartar botellas de vidrio y pl\u00e1stico.<\/li>\n<li><u>Solo se permiten en La Finca y todo su recinto incluida la Piscina personas que se hayan registrado y pagado la estancia<\/u>.<\/li>\n<li>Respeten las normas de la Piscina que podr\u00e1n encontrar en la entrada de la misma, no est\u00e1 permitido correr, gritar, saltar al agua o cualquier otro acto que pueda causar molestias a los dem\u00e1s.<\/li>\n<li>Los padres o tutores son responsables de los ni\u00f1os menores de edad y deber\u00e1n controlar que no molesten a los dem\u00e1s y se comporten debidamente sin romper o deteriorar las instalaciones as\u00ed como la fauna y flora.<\/li>\n<li><u>Finca Las 3 Liebres, el due\u00f1o no se hace responsable de robos o perdidas, esto tambi\u00e9n se refiere a las bicicletas y kayaks que se les han prestado, si fueran robadas o da\u00f1adas ser\u00e1n indemnizad<\/u>as por el cliente, tampoco nos hacemos responsables de da\u00f1os causados.<\/li>\n<li>Los d\u00edas que haga viento fuerte deber\u00e1n dejar las ventanas cerradas.<\/li>\n<li>Si ven alg\u00fan animal, no les den de comer o beber y no los dejen entra en la casa.<\/li>\n<li>Por favor la casa tienen que entregarla en la medida de lo posible decentemente recogida, los platos fregados, el frigor\u00edfico vac\u00edo y el suelo barrido. No olvide retirar el carb\u00f3n usado de la barbacoa.<\/li>\n<li>La propiedad se reserva el derecho de poder entrar en la casa si hubiese alguna incidencia.<\/li>\n<li>Si notan problemas t\u00e9cnicos o molestias comun\u00edquenlo enseguida. Intentaremos solucionarlo tan pronto como nos sea posible. Gracias<\/li>\n<\/ol>\n<hr>\n<p style=\"text-align:center;\"><img loading=\"lazy\" decoding=\"async\" class=\"size-full wp-image-395 alignleft\" src=\"http:\/\/las3liebres.eu\/wp-content\/uploads\/2017\/05\/banderainglesa.gif\" alt=\"\" width=\"152\" height=\"83\" animated-media=\"animated-media\"><span style=\"color:#0000ff;\"><em><strong>Rules<\/strong><\/em><\/span><\/p>\n<p>We thank you for your confidence and wish you nice holidays.<\/p>\n<p>In order to spend you and all the rest of guest a pleasant time here, we have the following rules.<\/p>\n<ol>\n<li>Please respect the nightly times in silent from 00:00 o\u2018clock to 10:00 o\u2018clock. In respect to the other people it is not allowed to have loud music outside or use the car music systems, the TV sound or others must be all the day in normally loudness to not disturb other guest.<\/li>\n<li>Don\u2018t make open fires. It\u2019s very dangerous With the Exception of Barbecues.<\/li>\n<li>It\u2018s not allowed to put tents, air pools may be moved two times in the Week.<\/li>\n<li>Please don\u2018t wash the towels or bed sheets. Ask for replacement.<\/li>\n<li>Animals are not allowed.<\/li>\n<li>Rubbish may be deposited in closed dust bags inside the containers. Please separate glass and plastics bottles.<\/li>\n<li><u>It\u2019s only allowed into the house, Pool and rest of the Finca Persons that are registered and paid the stance.<\/u><\/li>\n<li>Respect the Swimming Pool Rules that you can find on the entrance. It\u2019s not allowed to run, scream and jump to the water or anything else that can disturb other persons.<\/li>\n<li>The parents or guardians are responsible of the underage children\u2019s and must control that they not broke anything or disturb other persons.<\/li>\n<li><u>Finca Las 3 Liebres, the property or owners are not responsible for theft or loss, this also refers to the bicycles and kayaks that have been loaned, if stolen or damaged will be indemnified from t<\/u>he guest, we are not responsible for damages.<\/li>\n<li>On days when there is a strong wind, the windows must be closed.<\/li>\n<li>If you see any animals, please do not give food or water and try to get them away from the house.<\/li>\n<li>Please turn back the House clean and swept, clean the kitchen, cast the Freezer and don\u2018t forget the barbecue.<\/li>\n<li>The property or owners reserves the right to enter in the house if there is any incident.<\/li>\n<li>Please let us know if you find technical problems or if you need help. We will try to get quickly solutions.Thanks.<\/li>\n<\/ol>\n<hr>\n<p style=\"text-align:center;\"><img loading=\"lazy\" decoding=\"async\" class=\"size-full wp-image-392 alignleft\" src=\"http:\/\/las3liebres.eu\/wp-content\/uploads\/2017\/05\/banderaalemana.gif\" alt=\"\" width=\"153\" height=\"101\" animated-media=\"animated-media\"><span style=\"color:#0000ff;\"><strong><em>Regeln<\/em><\/strong><\/span><\/p>\n<p>Wir freuen uns \u00fcber Ihr Vertrauen und w\u00fcnschen Ihnen einen angenehmen Aufenthalt.<\/p>\n<p><u>Um einen harmonischen Aufenthalt zu gew\u00e4hrleisten, (<\/u> auch f\u00fcr die anderen G\u00e4ste der Anlage) stellen wir folgende Regeln zu Ihrer Verf\u00fcgung.<\/p>\n<ol>\n<li>Bitte halten Sie im eigenen Interesse die Ruhezeiten ein von 00:00 bis 10:00 Uhr. Um die Ruhe der anderen G\u00e4ste nicht zu st\u00f6ren, gelten folgende Regeln: Keine Musikanlagen mit lauter Musik au\u00dferhalb der H\u00e4user. Benutzen Sie nicht die Anlage Ihres Autos um laute Musik zu h\u00f6ren. Stellen Sie bitte den Fernseher auf Zimmerlautst\u00e4rke.<\/li>\n<li>Wegen m\u00f6glicher Brandgefahr sind offene Feuer untersagt, (Ausgenommen Grills).<\/li>\n<li>Das Aufstellen von Zelten ist nicht genehmigt, Planschbecken sind alle 3 Tage umzusetzen.<\/li>\n<li>Die Bettw\u00e4sche und Handt\u00fccher k\u00f6nnen gewechselt werden. Bitte nicht selber waschen, bitten Sie um Austausch.<\/li>\n<li>Keine Haustiere erlaubt.<\/li>\n<li>Der Hausm\u00fcll sollte in verschlossenen M\u00fcllbeuteln in den bereitgestellten Gef\u00e4\u00dfen deponiert werden. Glas und Plastikflaschen bitte aussortieren.<\/li>\n<li><u>Es sind auf der Anlage und Pool nur Personen erlaubt, die registriert sind und bezahlt haben<\/u>.<\/li>\n<li>Beachten Sie die Regeln des Pool, die am Eingang sind. Es ist nicht erlaubt zu rennen, zu schreien und vom Rand des Beckens zu springen oder durch Ihr Verhalten Unannehmlichkeiten f\u00fcr die anderen Besucher der Anlage zu verursachen.<\/li>\n<li>Die Eltern oder Bevollm\u00e4chtigten sind verantwortlich f\u00fcr die Handlungen oder Zerst\u00f6rungen ( verursacht durch minderj\u00e4hrige Kinder) innerhalb des Hauses und der Anlage. Bitte nehmen Sie R\u00fccksicht auf die anderen Mitbewohner der Anlage.<\/li>\n<li>Finca Las 3 Liebres, Der Eigent\u00fcmer  ist nicht verantwortlich f\u00fcr Diebstahl oder verlorene Gegenst\u00e4nde. <u>Das betrifft auch die zur Verf\u00fcgung gestellten Fahrr\u00e4der und Kayaks<\/u>, die bei Diebstahl oder Besch\u00e4digung bezahlt werden m\u00fcssen. Wir \u00fcbernehmen keine Verantwortung bei Sch\u00e4den.<\/li>\n<li>Bei Tagen mit starkem Wind lassen Sie bitte die Fenster geschlossen.<\/li>\n<li>Falls Sie ein Tier sehen , bitte nicht f\u00fcttern. Bitte nicht ins Haus locken.<\/li>\n<li>Bitte das Haus sauber und aufger\u00e4umt \u00fcbergeben; Geschirr sp\u00fclen, K\u00fchlschrank ausr\u00e4umen und den Fu\u00dfboden fegen. Den Grill bitte nicht vergessen. (Die gebrauchte Holzkohle entfernen.)<\/li>\n<li>Der Eigent\u00fcmer der Finca beh\u00e4lt sich das Recht vor, das Haus in Ausnahmef\u00e4llen zu betreten.<\/li>\n<li>Falls irgendwelche Probleme oder St\u00f6rungen technischer Art auftauchen sollten, informieren Sie uns bitte umgehend. Wir bem\u00fchen uns diese m\u00f6glichst sofort zu beheben. Vielen Dank<\/li>\n<\/ol>\n<hr>\n<p><strong>SI CONTIN\u00daA NAVEGANDO Y QUIERE DEJAR UN COMENTARIO SE CONSIDERAR\u00c1 QUE ACEPTA LA TOTALIDAD DE CONDICIONES DEL<\/strong> \u00abAVISO LEGAL Y POLITICA DE PRIVACIDAD\u00bb.<\/p>\n<hr>\n","protected":false},"excerpt":{"rendered":"<p>Normas Les damos las gracias por su confianza y les deseamos una feliz estancia. Para que pasen una estancia agradable y tambi\u00e9n para respetar a los dem\u00e1s hu\u00e9spedes ponemos a su disposici\u00f3n las siguientes reglas. Por favor respeten las horas de descanso y no hagan ruido de 00:00 Horas hasta las 10:00 Horas de la&#8230;<\/p>\n","protected":false},"author":1,"featured_media":0,"parent":0,"menu_order":0,"comment_status":"open","ping_status":"closed","template":"","meta":{"footnotes":""},"class_list":["post-855","page","type-page","status-publish","hentry"],"_links":{"self":[{"href":"https:\/\/www.las3liebres.eu\/index.php?rest_route=\/wp\/v2\/pages\/855","targetHints":{"allow":["GET"]}}],"collection":[{"href":"https:\/\/www.las3liebres.eu\/index.php?rest_route=\/wp\/v2\/pages"}],"about":[{"href":"https:\/\/www.las3liebres.eu\/index.php?rest_route=\/wp\/v2\/types\/page"}],"author":[{"embeddable":true,"href":"https:\/\/www.las3liebres.eu\/index.php?rest_route=\/wp\/v2\/users\/1"}],"replies":[{"embeddable":true,"href":"https:\/\/www.las3liebres.eu\/index.php?rest_route=%2Fwp%2Fv2%2Fcomments&post=855"}],"version-history":[{"count":5,"href":"https:\/\/www.las3liebres.eu\/index.php?rest_route=\/wp\/v2\/pages\/855\/revisions"}],"predecessor-version":[{"id":1376,"href":"https:\/\/www.las3liebres.eu\/index.php?rest_route=\/wp\/v2\/pages\/855\/revisions\/1376"}],"wp:attachment":[{"href":"https:\/\/www.las3liebres.eu\/index.php?rest_route=%2Fwp%2Fv2%2Fmedia&parent=855"}],"curies":[{"name":"wp","href":"https:\/\/api.w.org\/{rel}","templated":true}]}}