{"id":590,"date":"2017-05-25T14:19:34","date_gmt":"2017-05-25T12:19:34","guid":{"rendered":"http:\/\/www.las3liebres.eu\/?page_id=590"},"modified":"2024-03-06T19:57:36","modified_gmt":"2024-03-06T18:57:36","slug":"piscina-swimming-pool","status":"publish","type":"page","link":"https:\/\/www.las3liebres.eu\/?page_id=590","title":{"rendered":"PISCINA &#8211; SWIMMING POOL"},"content":{"rendered":"<hr>\n<p><img loading=\"lazy\" decoding=\"async\" class=\"size-full wp-image-391 alignleft\" src=\"http:\/\/las3liebres.eu\/wp-content\/uploads\/2017\/05\/banderaespanola.gif\" alt=\"\" width=\"154\" height=\"110\" animated-media=\"animated-media\"><strong><em><strong><em><strong><em><strong><em><\/em><\/strong><\/em><\/strong><\/em><\/strong><\/em><\/strong><\/p>\n<p><span style=\"color:#0000ff;\"><em><strong>Piscina con zona de hidromasage, catarata, escalera romana, indicaciones de profundidad, rodeada de cesped, tumbonas con sombrillas, duchas, ba\u00f1o-vestuario, plataforma mirador con doble<\/strong><\/em> <strong>tobog\u00e1n<\/strong>,<strong>barra de bomberos y trampolin<\/strong>.<\/span><\/p>\n<p style=\"text-align:left;\">La piscina cumple toda la nueva normativa de sanidad y seguridad con una superficie sub acuatica antideslizante especial, la coronacion tiene el ancho exigido y el material adecuado antideslizante, cuenta con banco hidromasage, catarata, dos duchas con lavapies, dos escaleras de entrada, dos aros salvavidas, cesped homologado, ba\u00f1o &#8211; vestuario con suelo antideslizante, papelera, zona de tumbonas con sombrilla de brezo, plataforma mirador con doble tobog\u00e1n y barra de bomberos, trampol\u00edn, iluminacion LED multicolor. El sistema de cloracion es automatico por inyeccion por lo que el agua siempre tendra el mismo nivel exigido de CL y PH.<\/p>\n<hr>\n<p><img loading=\"lazy\" decoding=\"async\" class=\"size-full wp-image-395 alignleft\" src=\"http:\/\/las3liebres.eu\/wp-content\/uploads\/2017\/05\/banderainglesa.gif\" alt=\"\" width=\"152\" height=\"83\" animated-media=\"animated-media\" data-temp-aztec-id=\"28133e2b-9769-46fc-b2c1-a0e444621dc7\"><\/p>\n<p><span style=\"color:#0000ff;\"><cite><strong>Swimming pool with hydromassage area, waterfall, Roman staircase, depth indications, surrounded by grass, sun loungers with umbrellas, showers, bathroom-changing room, viewing platform with double slide, fire bar and diving board<\/strong><\/cite>.<\/span><\/p>\n<p style=\"text-align:left;\">The pool complies with all the new health and safety regulations with a special non-slip underwater surface, the crown has the required width and the appropriate non-slip material, it has a hydromassage bench, waterfall, two showers with footbaths, two entrance stairs, two rings lifeguard, approved grass, bathroom &#8211; changing room with non-slip floor, trash can, sun lounger area with heather umbrella, viewing platform with double slide and fire bar, trampoline, multicolor LED lighting. The chlorination system is automatic by injection so the water will always have the same required level of CL and PH.<\/p>\n<hr>\n<p><img loading=\"lazy\" decoding=\"async\" class=\"size-full wp-image-392 alignleft\" src=\"http:\/\/las3liebres.eu\/wp-content\/uploads\/2017\/05\/banderaalemana.gif\" alt=\"\" width=\"153\" height=\"101\" animated-media=\"animated-media\"><\/p>\n<p style=\"text-align:center;\"><span style=\"color:#0000ff;\"><em><strong>Schwimmbad mit Hydromassagebereich, Wasserfall, r\u00f6mischer Treppe, Tiefenanzeige, umgeben von Gras, Sonnenliegen mit Sonnenschirmen, Duschen, Badezimmer-Umkleideraum, Aussichtsplattform mit Doppelrutsche, Feuerbar und Sprungbrett.<\/strong><\/em><\/span><\/p>\n<p style=\"text-align:left;\">Der Pool entspricht allen neuen Gesundheits- und Sicherheitsvorschriften und verf\u00fcgt \u00fcber eine spezielle rutschfeste Unterwasseroberfl\u00e4che, die Krone hat die erforderliche Breite und das entsprechende rutschfeste Material, er verf\u00fcgt \u00fcber eine Hydromassagebank, einen Wasserfall, zwei Duschen mit Fu\u00dfb\u00e4dern und zwei Eingangstreppen , Rettungsschwimmer mit zwei Ringen, zugelassener Rasen, Badezimmer \u2013 Umkleideraum mit rutschfestem Boden, M\u00fclleimer, Sonnenliegenbereich mit Heideschirm, Aussichtsplattform mit Doppelrutsche und Feuerstange, Trampolin, mehrfarbige LED-Beleuchtung.  Das Chlorierungssystem erfolgt automatisch durch Einspritzung, sodass das Wasser immer den gleichen erforderlichen CL- und PH-Wert aufweist.<\/p>\n<p><img loading=\"lazy\" decoding=\"async\" class=\"alignnone size-full wp-image-1325\" src=\"http:\/\/las3liebres.eu\/wp-content\/uploads\/2024\/03\/img_20240306_132813_937626261417399355561.jpg\" width=\"1500\" height=\"2000\" srcset=\"https:\/\/las3liebres.eu\/wp-content\/uploads\/2024\/03\/img_20240306_132813_937626261417399355561.jpg 1500w, https:\/\/las3liebres.eu\/wp-content\/uploads\/2024\/03\/img_20240306_132813_937626261417399355561-225x300.jpg 225w, https:\/\/las3liebres.eu\/wp-content\/uploads\/2024\/03\/img_20240306_132813_937626261417399355561-768x1024.jpg 768w, https:\/\/las3liebres.eu\/wp-content\/uploads\/2024\/03\/img_20240306_132813_937626261417399355561-1152x1536.jpg 1152w\" sizes=\"auto, (max-width: 1500px) 100vw, 1500px\" \/><\/p>\n<hr>\n<p><img loading=\"lazy\" decoding=\"async\" class=\"alignnone size-full wp-image-1324\" src=\"http:\/\/las3liebres.eu\/wp-content\/uploads\/2024\/03\/img_20240306_132708_8123019644012251385968.jpg\" width=\"2000\" height=\"1500\" srcset=\"https:\/\/las3liebres.eu\/wp-content\/uploads\/2024\/03\/img_20240306_132708_8123019644012251385968.jpg 2000w, https:\/\/las3liebres.eu\/wp-content\/uploads\/2024\/03\/img_20240306_132708_8123019644012251385968-300x225.jpg 300w, https:\/\/las3liebres.eu\/wp-content\/uploads\/2024\/03\/img_20240306_132708_8123019644012251385968-1024x768.jpg 1024w, https:\/\/las3liebres.eu\/wp-content\/uploads\/2024\/03\/img_20240306_132708_8123019644012251385968-768x576.jpg 768w, https:\/\/las3liebres.eu\/wp-content\/uploads\/2024\/03\/img_20240306_132708_8123019644012251385968-1536x1152.jpg 1536w\" sizes=\"auto, (max-width: 2000px) 100vw, 2000px\" \/><\/p>\n<p><img loading=\"lazy\" decoding=\"async\" class=\"wp-image-1326 alignnone size-full\" src=\"http:\/\/las3liebres.eu\/wp-content\/uploads\/2024\/03\/img_20240306_132732_3613268255804758306123.jpg\" width=\"2000\" height=\"1500\" srcset=\"https:\/\/las3liebres.eu\/wp-content\/uploads\/2024\/03\/img_20240306_132732_3613268255804758306123.jpg 2000w, https:\/\/las3liebres.eu\/wp-content\/uploads\/2024\/03\/img_20240306_132732_3613268255804758306123-300x225.jpg 300w, https:\/\/las3liebres.eu\/wp-content\/uploads\/2024\/03\/img_20240306_132732_3613268255804758306123-1024x768.jpg 1024w, https:\/\/las3liebres.eu\/wp-content\/uploads\/2024\/03\/img_20240306_132732_3613268255804758306123-768x576.jpg 768w, https:\/\/las3liebres.eu\/wp-content\/uploads\/2024\/03\/img_20240306_132732_3613268255804758306123-1536x1152.jpg 1536w\" sizes=\"auto, (max-width: 2000px) 100vw, 2000px\" \/><\/p>\n<p><img loading=\"lazy\" decoding=\"async\" class=\"wp-image-1323 alignnone size-full\" src=\"http:\/\/las3liebres.eu\/wp-content\/uploads\/2024\/03\/img_20240306_132858_8006127451831190022114.jpg\" width=\"1500\" height=\"2000\" srcset=\"https:\/\/las3liebres.eu\/wp-content\/uploads\/2024\/03\/img_20240306_132858_8006127451831190022114.jpg 1500w, https:\/\/las3liebres.eu\/wp-content\/uploads\/2024\/03\/img_20240306_132858_8006127451831190022114-225x300.jpg 225w, https:\/\/las3liebres.eu\/wp-content\/uploads\/2024\/03\/img_20240306_132858_8006127451831190022114-768x1024.jpg 768w, https:\/\/las3liebres.eu\/wp-content\/uploads\/2024\/03\/img_20240306_132858_8006127451831190022114-1152x1536.jpg 1152w\" sizes=\"auto, (max-width: 1500px) 100vw, 1500px\" \/><\/p>\n<p><img loading=\"lazy\" decoding=\"async\" class=\"wp-image-1327 alignnone size-full\" src=\"http:\/\/las3liebres.eu\/wp-content\/uploads\/2024\/03\/img_20240306_132847_1113438677220508333026.jpg\" width=\"2000\" height=\"1500\" srcset=\"https:\/\/las3liebres.eu\/wp-content\/uploads\/2024\/03\/img_20240306_132847_1113438677220508333026.jpg 2000w, https:\/\/las3liebres.eu\/wp-content\/uploads\/2024\/03\/img_20240306_132847_1113438677220508333026-300x225.jpg 300w, https:\/\/las3liebres.eu\/wp-content\/uploads\/2024\/03\/img_20240306_132847_1113438677220508333026-1024x768.jpg 1024w, https:\/\/las3liebres.eu\/wp-content\/uploads\/2024\/03\/img_20240306_132847_1113438677220508333026-768x576.jpg 768w, https:\/\/las3liebres.eu\/wp-content\/uploads\/2024\/03\/img_20240306_132847_1113438677220508333026-1536x1152.jpg 1536w\" sizes=\"auto, (max-width: 2000px) 100vw, 2000px\" \/><\/p>\n<p><img loading=\"lazy\" decoding=\"async\" class=\"wp-image-1328 alignnone size-full\" src=\"http:\/\/las3liebres.eu\/wp-content\/uploads\/2024\/03\/img_20240306_133023_3531083495987019175796.jpg\" width=\"2000\" height=\"1500\" srcset=\"https:\/\/las3liebres.eu\/wp-content\/uploads\/2024\/03\/img_20240306_133023_3531083495987019175796.jpg 2000w, https:\/\/las3liebres.eu\/wp-content\/uploads\/2024\/03\/img_20240306_133023_3531083495987019175796-300x225.jpg 300w, https:\/\/las3liebres.eu\/wp-content\/uploads\/2024\/03\/img_20240306_133023_3531083495987019175796-1024x768.jpg 1024w, https:\/\/las3liebres.eu\/wp-content\/uploads\/2024\/03\/img_20240306_133023_3531083495987019175796-768x576.jpg 768w, https:\/\/las3liebres.eu\/wp-content\/uploads\/2024\/03\/img_20240306_133023_3531083495987019175796-1536x1152.jpg 1536w\" sizes=\"auto, (max-width: 2000px) 100vw, 2000px\" \/><\/p>\n<p><img loading=\"lazy\" decoding=\"async\" class=\"wp-image-1329 alignnone size-full\" src=\"http:\/\/las3liebres.eu\/wp-content\/uploads\/2024\/03\/img_20240306_132912_4797459967137279816181.jpg\" width=\"1500\" height=\"2000\" srcset=\"https:\/\/las3liebres.eu\/wp-content\/uploads\/2024\/03\/img_20240306_132912_4797459967137279816181.jpg 1500w, https:\/\/las3liebres.eu\/wp-content\/uploads\/2024\/03\/img_20240306_132912_4797459967137279816181-225x300.jpg 225w, https:\/\/las3liebres.eu\/wp-content\/uploads\/2024\/03\/img_20240306_132912_4797459967137279816181-768x1024.jpg 768w, https:\/\/las3liebres.eu\/wp-content\/uploads\/2024\/03\/img_20240306_132912_4797459967137279816181-1152x1536.jpg 1152w\" sizes=\"auto, (max-width: 1500px) 100vw, 1500px\" \/><\/p>\n<p><img loading=\"lazy\" decoding=\"async\" class=\"wp-image-1333 alignnone size-full\" src=\"http:\/\/las3liebres.eu\/wp-content\/uploads\/2024\/03\/img_20240306_133051_3475410256686417662339.jpg\" width=\"2000\" height=\"1500\" srcset=\"https:\/\/las3liebres.eu\/wp-content\/uploads\/2024\/03\/img_20240306_133051_3475410256686417662339.jpg 2000w, https:\/\/las3liebres.eu\/wp-content\/uploads\/2024\/03\/img_20240306_133051_3475410256686417662339-300x225.jpg 300w, https:\/\/las3liebres.eu\/wp-content\/uploads\/2024\/03\/img_20240306_133051_3475410256686417662339-1024x768.jpg 1024w, https:\/\/las3liebres.eu\/wp-content\/uploads\/2024\/03\/img_20240306_133051_3475410256686417662339-768x576.jpg 768w, https:\/\/las3liebres.eu\/wp-content\/uploads\/2024\/03\/img_20240306_133051_3475410256686417662339-1536x1152.jpg 1536w\" sizes=\"auto, (max-width: 2000px) 100vw, 2000px\" \/><\/p>\n<p><img loading=\"lazy\" decoding=\"async\" class=\"wp-image-1332 alignnone size-full\" src=\"http:\/\/las3liebres.eu\/wp-content\/uploads\/2024\/03\/img_20240306_133035_4193652152075965822089.jpg\" width=\"1500\" height=\"2000\" srcset=\"https:\/\/las3liebres.eu\/wp-content\/uploads\/2024\/03\/img_20240306_133035_4193652152075965822089.jpg 1500w, https:\/\/las3liebres.eu\/wp-content\/uploads\/2024\/03\/img_20240306_133035_4193652152075965822089-225x300.jpg 225w, https:\/\/las3liebres.eu\/wp-content\/uploads\/2024\/03\/img_20240306_133035_4193652152075965822089-768x1024.jpg 768w, https:\/\/las3liebres.eu\/wp-content\/uploads\/2024\/03\/img_20240306_133035_4193652152075965822089-1152x1536.jpg 1152w\" sizes=\"auto, (max-width: 1500px) 100vw, 1500px\" \/><\/p>\n<p><img loading=\"lazy\" decoding=\"async\" class=\"wp-image-1334 alignnone size-full\" src=\"http:\/\/las3liebres.eu\/wp-content\/uploads\/2024\/03\/img_20240306_133129_9241387436157827278240.jpg\" width=\"1500\" height=\"2000\" srcset=\"https:\/\/las3liebres.eu\/wp-content\/uploads\/2024\/03\/img_20240306_133129_9241387436157827278240.jpg 1500w, https:\/\/las3liebres.eu\/wp-content\/uploads\/2024\/03\/img_20240306_133129_9241387436157827278240-225x300.jpg 225w, https:\/\/las3liebres.eu\/wp-content\/uploads\/2024\/03\/img_20240306_133129_9241387436157827278240-768x1024.jpg 768w, https:\/\/las3liebres.eu\/wp-content\/uploads\/2024\/03\/img_20240306_133129_9241387436157827278240-1152x1536.jpg 1152w\" sizes=\"auto, (max-width: 1500px) 100vw, 1500px\" \/><\/p>\n<p><img loading=\"lazy\" decoding=\"async\" class=\"wp-image-1179 alignnone size-full\" src=\"http:\/\/las3liebres.eu\/wp-content\/uploads\/2020\/10\/img_20190416_131604703762484245596237-scaled.jpg\" width=\"1920\" height=\"2560\" srcset=\"https:\/\/las3liebres.eu\/wp-content\/uploads\/2020\/10\/img_20190416_131604703762484245596237-scaled.jpg 1920w, https:\/\/las3liebres.eu\/wp-content\/uploads\/2020\/10\/img_20190416_131604703762484245596237-225x300.jpg 225w, https:\/\/las3liebres.eu\/wp-content\/uploads\/2020\/10\/img_20190416_131604703762484245596237-768x1024.jpg 768w, https:\/\/las3liebres.eu\/wp-content\/uploads\/2020\/10\/img_20190416_131604703762484245596237-1152x1536.jpg 1152w, https:\/\/las3liebres.eu\/wp-content\/uploads\/2020\/10\/img_20190416_131604703762484245596237-1536x2048.jpg 1536w\" sizes=\"auto, (max-width: 1920px) 100vw, 1920px\" \/><\/p>\n<p><img loading=\"lazy\" decoding=\"async\" class=\"wp-image-1321 alignnone size-full\" src=\"http:\/\/las3liebres.eu\/wp-content\/uploads\/2024\/01\/img-20240103-wa00504158490731987544455.jpg\" width=\"1200\" height=\"756\" srcset=\"https:\/\/las3liebres.eu\/wp-content\/uploads\/2024\/01\/img-20240103-wa00504158490731987544455.jpg 1200w, https:\/\/las3liebres.eu\/wp-content\/uploads\/2024\/01\/img-20240103-wa00504158490731987544455-300x189.jpg 300w, https:\/\/las3liebres.eu\/wp-content\/uploads\/2024\/01\/img-20240103-wa00504158490731987544455-1024x645.jpg 1024w, https:\/\/las3liebres.eu\/wp-content\/uploads\/2024\/01\/img-20240103-wa00504158490731987544455-768x484.jpg 768w\" sizes=\"auto, (max-width: 1200px) 100vw, 1200px\" \/><\/p>\n<p><img loading=\"lazy\" decoding=\"async\" class=\"aligncenter wp-image-614 size-full\" src=\"http:\/\/las3liebres.eu\/wp-content\/uploads\/2017\/05\/Piscina-7.jpg\" alt=\"\" width=\"2448\" height=\"3264\" srcset=\"https:\/\/las3liebres.eu\/wp-content\/uploads\/2017\/05\/Piscina-7.jpg 2448w, https:\/\/las3liebres.eu\/wp-content\/uploads\/2017\/05\/Piscina-7-225x300.jpg 225w, https:\/\/las3liebres.eu\/wp-content\/uploads\/2017\/05\/Piscina-7-768x1024.jpg 768w\" sizes=\"auto, (max-width: 2448px) 100vw, 2448px\" \/><\/p>\n<hr>\n<p><strong>SI CONTIN\u00daA NAVEGANDO Y QUIERE DEJAR UN COMENTARIO SE CONSIDERAR\u00c1 QUE ACEPTA LA TOTALIDAD DE CONDICIONES DEL<\/strong> \u00abAVISO LEGAL Y POLITICA DE PRIVACIDAD\u00bb.<\/p>\n<hr>\n","protected":false},"excerpt":{"rendered":"<p>Piscina con zona de hidromasage, catarata, escalera romana, indicaciones de profundidad, rodeada de cesped, tumbonas con sombrillas, duchas, ba\u00f1o-vestuario, plataforma mirador con doble tobog\u00e1n,barra de bomberos y trampolin. La piscina cumple toda la nueva normativa de sanidad y seguridad con una superficie sub acuatica antideslizante especial, la coronacion tiene el ancho exigido y el material&#8230;<\/p>\n","protected":false},"author":1,"featured_media":0,"parent":0,"menu_order":0,"comment_status":"open","ping_status":"closed","template":"","meta":{"footnotes":""},"class_list":["post-590","page","type-page","status-publish","hentry"],"_links":{"self":[{"href":"https:\/\/www.las3liebres.eu\/index.php?rest_route=\/wp\/v2\/pages\/590","targetHints":{"allow":["GET"]}}],"collection":[{"href":"https:\/\/www.las3liebres.eu\/index.php?rest_route=\/wp\/v2\/pages"}],"about":[{"href":"https:\/\/www.las3liebres.eu\/index.php?rest_route=\/wp\/v2\/types\/page"}],"author":[{"embeddable":true,"href":"https:\/\/www.las3liebres.eu\/index.php?rest_route=\/wp\/v2\/users\/1"}],"replies":[{"embeddable":true,"href":"https:\/\/www.las3liebres.eu\/index.php?rest_route=%2Fwp%2Fv2%2Fcomments&post=590"}],"version-history":[{"count":35,"href":"https:\/\/www.las3liebres.eu\/index.php?rest_route=\/wp\/v2\/pages\/590\/revisions"}],"predecessor-version":[{"id":1341,"href":"https:\/\/www.las3liebres.eu\/index.php?rest_route=\/wp\/v2\/pages\/590\/revisions\/1341"}],"wp:attachment":[{"href":"https:\/\/www.las3liebres.eu\/index.php?rest_route=%2Fwp%2Fv2%2Fmedia&parent=590"}],"curies":[{"name":"wp","href":"https:\/\/api.w.org\/{rel}","templated":true}]}}