{"id":501,"date":"2017-05-21T19:33:47","date_gmt":"2017-05-21T17:33:47","guid":{"rendered":"http:\/\/www.las3liebres.eu\/?page_id=501"},"modified":"2024-03-25T08:26:16","modified_gmt":"2024-03-25T07:26:16","slug":"casa-desmina","status":"publish","type":"page","link":"https:\/\/www.las3liebres.eu\/?page_id=501","title":{"rendered":"CASA DESMINA"},"content":{"rendered":"<hr>\n<p style=\"text-align:center;\"><img loading=\"lazy\" decoding=\"async\" class=\"size-full wp-image-391 alignleft\" src=\"http:\/\/las3liebres.eu\/wp-content\/uploads\/2017\/05\/banderaespanola.gif\" alt=\"\" width=\"154\" height=\"110\" animated-media=\"animated-media\"><span style=\"color:#0000ff;\"><em><b>CASA DESMINA 63 m\u00b2 con Piscina, Bicicletas, Kayak, Aire Acondicionado \/ Calefacci\u00f3n, Caja Fuerte y<\/b><\/em> <strong>Wifi.<\/strong><strong><em> <\/em><\/strong><\/span><\/p>\n<p style=\"text-align:left;\">Casa 63 m\u00b2 para 4 max 5 personas con piscina, dos bicicletas, un kayak, aire acondicionado \/ calefacci\u00f3n, caja fuerte y WIFI en Zahora-Costa de la Luz-Andalucia, 500 m de las playas .Dos dormitorios, uno con cama doble dos x 90&#215;190 y otro dormitorio con dos camas separadas 90&#215;190, ba\u00f1o ducha con ba\u00f1era. (1m), sal\u00f3n \/ comedor m. Cocina abierta, frigor\u00edfico con congelador, microondas, tostadora, cafetera. SMART TV LED 40&#8243;, antena, sat\u00e9lite, wifi, radio-CD MP3 USB, Calefaccion, Terraza Cubierta, jard\u00edn con tumbonas, ducha al aire libre, Barbacoa,lavadora servicio de lavander\u00eda y recogida de basura.Por la seguridad de todos en las zonas comunes hay videovigilancia homologada, se\u00f1alizada y registrada en la agencia espa\u00f1ola de proteccion de datos. Aparcamiento cerca de la casa. Casa rodeada por \u00e1rboles, arbustos y jardines, piscina de uso comunitario.Ideal para los ni\u00f1os .100 m camino privado. La playa es accesible a trav\u00e9s de una rampa, El centro del pueblo y sus restaurantes y supermercados esta a unos 500 metros de distancia.<\/p>\n<blockquote><\/blockquote>\n<hr>\n<p><img loading=\"lazy\" decoding=\"async\" class=\"size-full wp-image-395 alignleft\" src=\"http:\/\/las3liebres.eu\/wp-content\/uploads\/2017\/05\/banderainglesa.gif\" alt=\"\" width=\"152\" height=\"83\" animated-media=\"animated-media\"><br \/>\n<span style=\"color:#0000ff;\"><em><b>CASA DESMINA 63 m\u00b2 with Swimming Pool, Bicycles, Kayak, Air Condition \/ Heating, Safe <\/b><\/em><b>and Wifi.<\/b><em> <\/em><\/span><\/p>\n<p style=\"text-align:left;\">House 63 m\u00b2 for 4 max 5 persons with swimming pool, two bicycles, one kayak, air condition \/ heating, safe and WIFI in Zahora-Costa de la Luz-Andalusia. 500 m from the beach .two bedrooms, one bedroom double bed two x 90&#215;190 and one bedroom with two separate beds each 90&#215;190, bathroom with shower-tub (1m), living \/ dining room with open kitchen, refrigerator with freezer, microwave, Express coffee. SMART TV LED 40&#8243;, ANTEN, SAT, WIFI, radio CD MP3 USB,heating. Covered terrace, garden w. sun loungers, outside shower, barbacue.washmachine service and others. Parking next to the house. For the safety of everyone in the common areas there is video surveillance approved, signaled and registered in the Spanish data protection agency. Houses separated by trees, bushes and gardens ,swimming pool for communal use. Ideal for children, as 100 m private road. The beach is reached by a ramp. The village center with restaurants and supermarkets is about 500m away.<\/p>\n<blockquote><\/blockquote>\n<hr>\n<p><img loading=\"lazy\" decoding=\"async\" class=\"size-full wp-image-392 alignleft\" src=\"http:\/\/las3liebres.eu\/wp-content\/uploads\/2017\/05\/banderaalemana.gif\" alt=\"\" width=\"153\" height=\"101\" animated-media=\"animated-media\"><br \/>\n<span style=\"color:#0000ff;\"><em><b>CASA DESMINA 63 m\u00b2 mit Swimming-Pool , Fahrraeder, Kayak, Klimaanlage \/ Heizung, Safe und <\/b><\/em><b>Wifi.<\/b><\/span><\/p>\n<p style=\"text-align:left;\">Ferienhaus 63 m\u00b2 f\u00fcr 4 max 5 Personen mit Swimming-Pool, zwei Fahrraeder, ein kayak, klimaanlage \/ heitzung, Safe und WIFI in Zahora-Costa de la Luz-Andalusien.500 m von kilometerlangen, weissen Sandstr\u00e4nden .zwei Schlafzimmer, ein Zimmer Doppelbett zwei x 90&#215;190 und 1 Zimmer m. getrennten Betten je 90&#215;190, Badezimmer m. Duschwanne (1m), Wohn\/essraum m. offener K\u00fcche, K\u00fchlschrank m. getr. Gefrierfach, Mikrowelle, Toaster u. Express-Kaffekanne. SMART TV LED 40&#8243;, ANTENNE, SAT, WIFI, Radio-CD MP3 USB .Gasheizung. \u00dcberdachte Terrasse, Garten m. Liegen, Aussendusche. Aussengrill, washmachine service unter anderen. Parkplatz neben dem Haus. F\u00fcr die Sicherheit aller in den \u00f6ffentlichen Bereichen ist eine Video\u00fcberwachung in der spanischen Datenschutzbeh\u00f6rde zugelassen, signiert und registriert. H\u00e4user durch B\u00e4ume, B\u00fcsche u. G\u00e4rten voneinander getrennt ,swimming Pool zur gemeinschaftlichen Nutzung .Ideal f\u00fcr Kinder, da 100 m Privatweg .Der Strand ist \u00fcber eine Rampe erreichbar, so dass auch z.B. ein Kinderwagen oder Bollerwagen mitgenommen werden kann<br \/>\nDas Ortszentrum mit Restaurants und Superm\u00e4rkten ist ca. 500m entfernt.<\/p>\n<blockquote><\/blockquote>\n<hr>\n<p style=\"text-align:left;\"><img loading=\"lazy\" decoding=\"async\" class=\"aligncenter size-full wp-image-1008\" src=\"http:\/\/las3liebres.eu\/wp-content\/uploads\/2018\/09\/IMG-20180502-WA0012.jpeg\" alt=\"\" width=\"4160\" height=\"2352\" srcset=\"https:\/\/las3liebres.eu\/wp-content\/uploads\/2018\/09\/IMG-20180502-WA0012.jpeg 4160w, https:\/\/las3liebres.eu\/wp-content\/uploads\/2018\/09\/IMG-20180502-WA0012-300x170.jpeg 300w, https:\/\/las3liebres.eu\/wp-content\/uploads\/2018\/09\/IMG-20180502-WA0012-768x434.jpeg 768w, https:\/\/las3liebres.eu\/wp-content\/uploads\/2018\/09\/IMG-20180502-WA0012-1024x579.jpeg 1024w\" sizes=\"auto, (max-width: 4160px) 100vw, 4160px\" \/><\/p>\n<p><img loading=\"lazy\" decoding=\"async\" class=\"aligncenter size-full wp-image-1064\" style=\"margin-top: 0.857143rem; margin-bottom: 0.857143rem;\" src=\"http:\/\/las3liebres.eu\/wp-content\/uploads\/2018\/09\/DESMINA-9.jpg\" alt=\"\" width=\"3120\" height=\"4160\" data-temp-aztec-id=\"cfff6ed7-90fd-452d-8c7f-85fbcbc66632\" srcset=\"https:\/\/las3liebres.eu\/wp-content\/uploads\/2018\/09\/DESMINA-9.jpg 3120w, https:\/\/las3liebres.eu\/wp-content\/uploads\/2018\/09\/DESMINA-9-225x300.jpg 225w, https:\/\/las3liebres.eu\/wp-content\/uploads\/2018\/09\/DESMINA-9-768x1024.jpg 768w\" sizes=\"auto, (max-width: 3120px) 100vw, 3120px\" \/><\/p>\n<p><img loading=\"lazy\" decoding=\"async\" class=\"aligncenter size-full wp-image-1065\" src=\"http:\/\/las3liebres.eu\/wp-content\/uploads\/2018\/09\/DESMINA-10.jpg\" alt=\"\" width=\"4160\" height=\"3120\" srcset=\"https:\/\/las3liebres.eu\/wp-content\/uploads\/2018\/09\/DESMINA-10.jpg 4160w, https:\/\/las3liebres.eu\/wp-content\/uploads\/2018\/09\/DESMINA-10-300x225.jpg 300w, https:\/\/las3liebres.eu\/wp-content\/uploads\/2018\/09\/DESMINA-10-768x576.jpg 768w, https:\/\/las3liebres.eu\/wp-content\/uploads\/2018\/09\/DESMINA-10-1024x768.jpg 1024w\" sizes=\"auto, (max-width: 4160px) 100vw, 4160px\" \/><\/p>\n<p><img loading=\"lazy\" decoding=\"async\" class=\"aligncenter size-full wp-image-1062\" src=\"http:\/\/las3liebres.eu\/wp-content\/uploads\/2018\/09\/DESMINA-4.jpg\" alt=\"\" width=\"4160\" height=\"3120\" srcset=\"https:\/\/las3liebres.eu\/wp-content\/uploads\/2018\/09\/DESMINA-4.jpg 4160w, https:\/\/las3liebres.eu\/wp-content\/uploads\/2018\/09\/DESMINA-4-300x225.jpg 300w, https:\/\/las3liebres.eu\/wp-content\/uploads\/2018\/09\/DESMINA-4-768x576.jpg 768w, https:\/\/las3liebres.eu\/wp-content\/uploads\/2018\/09\/DESMINA-4-1024x768.jpg 1024w\" sizes=\"auto, (max-width: 4160px) 100vw, 4160px\" \/><\/p>\n<p><img loading=\"lazy\" decoding=\"async\" class=\"aligncenter size-full wp-image-1063\" src=\"http:\/\/las3liebres.eu\/wp-content\/uploads\/2018\/09\/DESMINA-8.jpg\" alt=\"\" width=\"3120\" height=\"4160\" srcset=\"https:\/\/las3liebres.eu\/wp-content\/uploads\/2018\/09\/DESMINA-8.jpg 3120w, https:\/\/las3liebres.eu\/wp-content\/uploads\/2018\/09\/DESMINA-8-225x300.jpg 225w, https:\/\/las3liebres.eu\/wp-content\/uploads\/2018\/09\/DESMINA-8-768x1024.jpg 768w\" sizes=\"auto, (max-width: 3120px) 100vw, 3120px\" \/><\/p>\n<p><img loading=\"lazy\" decoding=\"async\" class=\"aligncenter size-full wp-image-1071\" style=\"margin-top: 0.857143rem; margin-bottom: 0.857143rem;\" src=\"http:\/\/las3liebres.eu\/wp-content\/uploads\/2018\/09\/DESMINA-11.jpg\" alt=\"\" width=\"3120\" height=\"4160\" data-temp-aztec-id=\"028921b9-829a-4bb3-b0cb-1a6de9419e0c\" srcset=\"https:\/\/las3liebres.eu\/wp-content\/uploads\/2018\/09\/DESMINA-11.jpg 3120w, https:\/\/las3liebres.eu\/wp-content\/uploads\/2018\/09\/DESMINA-11-225x300.jpg 225w, https:\/\/las3liebres.eu\/wp-content\/uploads\/2018\/09\/DESMINA-11-768x1024.jpg 768w\" sizes=\"auto, (max-width: 3120px) 100vw, 3120px\" \/><\/p>\n<p><img loading=\"lazy\" decoding=\"async\" src=\"http:\/\/las3liebres.eu\/wp-content\/uploads\/2024\/03\/img_20240324_151656_3674485050683953834757.jpg\" class=\"wp-image-1354 alignnone size-full\" width=\"1500\" height=\"2000\" srcset=\"https:\/\/las3liebres.eu\/wp-content\/uploads\/2024\/03\/img_20240324_151656_3674485050683953834757.jpg 1500w, https:\/\/las3liebres.eu\/wp-content\/uploads\/2024\/03\/img_20240324_151656_3674485050683953834757-225x300.jpg 225w, https:\/\/las3liebres.eu\/wp-content\/uploads\/2024\/03\/img_20240324_151656_3674485050683953834757-768x1024.jpg 768w, https:\/\/las3liebres.eu\/wp-content\/uploads\/2024\/03\/img_20240324_151656_3674485050683953834757-1152x1536.jpg 1152w\" sizes=\"auto, (max-width: 1500px) 100vw, 1500px\" \/><\/p>\n<p><img loading=\"lazy\" decoding=\"async\" src=\"http:\/\/las3liebres.eu\/wp-content\/uploads\/2024\/03\/img_20240324_151849_1462043255167386181588.jpg\" class=\"wp-image-1352 alignnone size-full\" width=\"2000\" height=\"1500\" srcset=\"https:\/\/las3liebres.eu\/wp-content\/uploads\/2024\/03\/img_20240324_151849_1462043255167386181588.jpg 2000w, https:\/\/las3liebres.eu\/wp-content\/uploads\/2024\/03\/img_20240324_151849_1462043255167386181588-300x225.jpg 300w, https:\/\/las3liebres.eu\/wp-content\/uploads\/2024\/03\/img_20240324_151849_1462043255167386181588-1024x768.jpg 1024w, https:\/\/las3liebres.eu\/wp-content\/uploads\/2024\/03\/img_20240324_151849_1462043255167386181588-768x576.jpg 768w, https:\/\/las3liebres.eu\/wp-content\/uploads\/2024\/03\/img_20240324_151849_1462043255167386181588-1536x1152.jpg 1536w\" sizes=\"auto, (max-width: 2000px) 100vw, 2000px\" \/><\/p>\n<p><img loading=\"lazy\" decoding=\"async\" src=\"http:\/\/las3liebres.eu\/wp-content\/uploads\/2024\/03\/img_20240324_151617_5726835260401798973148.jpg\" class=\"wp-image-1353 alignnone size-full\" width=\"1500\" height=\"2000\" srcset=\"https:\/\/las3liebres.eu\/wp-content\/uploads\/2024\/03\/img_20240324_151617_5726835260401798973148.jpg 1500w, https:\/\/las3liebres.eu\/wp-content\/uploads\/2024\/03\/img_20240324_151617_5726835260401798973148-225x300.jpg 225w, https:\/\/las3liebres.eu\/wp-content\/uploads\/2024\/03\/img_20240324_151617_5726835260401798973148-768x1024.jpg 768w, https:\/\/las3liebres.eu\/wp-content\/uploads\/2024\/03\/img_20240324_151617_5726835260401798973148-1152x1536.jpg 1152w\" sizes=\"auto, (max-width: 1500px) 100vw, 1500px\" \/><\/p>\n<p><img loading=\"lazy\" decoding=\"async\" class=\"aligncenter size-full wp-image-1068\" src=\"http:\/\/las3liebres.eu\/wp-content\/uploads\/2018\/09\/DESMINA-3.jpg\" alt=\"\" width=\"3120\" height=\"4160\" srcset=\"https:\/\/las3liebres.eu\/wp-content\/uploads\/2018\/09\/DESMINA-3.jpg 3120w, https:\/\/las3liebres.eu\/wp-content\/uploads\/2018\/09\/DESMINA-3-225x300.jpg 225w, https:\/\/las3liebres.eu\/wp-content\/uploads\/2018\/09\/DESMINA-3-768x1024.jpg 768w\" sizes=\"auto, (max-width: 3120px) 100vw, 3120px\" \/><\/p>\n<p style=\"text-align:left;\"><img loading=\"lazy\" decoding=\"async\" class=\"aligncenter wp-image-546 size-full\" src=\"http:\/\/las3liebres.eu\/wp-content\/uploads\/2017\/05\/DESMINA.jpg\" alt=\"\" width=\"2440\" height=\"1876\" srcset=\"https:\/\/las3liebres.eu\/wp-content\/uploads\/2017\/05\/DESMINA.jpg 2440w, https:\/\/las3liebres.eu\/wp-content\/uploads\/2017\/05\/DESMINA-300x231.jpg 300w, https:\/\/las3liebres.eu\/wp-content\/uploads\/2017\/05\/DESMINA-768x590.jpg 768w, https:\/\/las3liebres.eu\/wp-content\/uploads\/2017\/05\/DESMINA-1024x787.jpg 1024w\" sizes=\"auto, (max-width: 2440px) 100vw, 2440px\" \/><\/p>\n<hr>\n<p><strong>SI CONTIN\u00daA NAVEGANDO Y QUIERE DEJAR UN COMENTARIO SE CONSIDERAR\u00c1 QUE ACEPTA LA TOTALIDAD DE CONDICIONES DEL<\/strong> \u00abAVISO LEGAL Y POLITICA DE PRIVACIDAD\u00bb.<\/p>\n<hr>\n","protected":false},"excerpt":{"rendered":"<p>CASA DESMINA 63 m\u00b2 con Piscina, Bicicletas, Kayak, Aire Acondicionado \/ Calefacci\u00f3n, Caja Fuerte y Wifi. Casa 63 m\u00b2 para 4 max 5 personas con piscina, dos bicicletas, un kayak, aire acondicionado \/ calefacci\u00f3n, caja fuerte y WIFI en Zahora-Costa de la Luz-Andalucia, 500 m de las playas .Dos dormitorios, uno con cama doble dos&#8230;<\/p>\n","protected":false},"author":1,"featured_media":0,"parent":0,"menu_order":0,"comment_status":"open","ping_status":"closed","template":"","meta":{"footnotes":""},"class_list":["post-501","page","type-page","status-publish","hentry"],"_links":{"self":[{"href":"https:\/\/www.las3liebres.eu\/index.php?rest_route=\/wp\/v2\/pages\/501","targetHints":{"allow":["GET"]}}],"collection":[{"href":"https:\/\/www.las3liebres.eu\/index.php?rest_route=\/wp\/v2\/pages"}],"about":[{"href":"https:\/\/www.las3liebres.eu\/index.php?rest_route=\/wp\/v2\/types\/page"}],"author":[{"embeddable":true,"href":"https:\/\/www.las3liebres.eu\/index.php?rest_route=\/wp\/v2\/users\/1"}],"replies":[{"embeddable":true,"href":"https:\/\/www.las3liebres.eu\/index.php?rest_route=%2Fwp%2Fv2%2Fcomments&post=501"}],"version-history":[{"count":29,"href":"https:\/\/www.las3liebres.eu\/index.php?rest_route=\/wp\/v2\/pages\/501\/revisions"}],"predecessor-version":[{"id":1355,"href":"https:\/\/www.las3liebres.eu\/index.php?rest_route=\/wp\/v2\/pages\/501\/revisions\/1355"}],"wp:attachment":[{"href":"https:\/\/www.las3liebres.eu\/index.php?rest_route=%2Fwp%2Fv2%2Fmedia&parent=501"}],"curies":[{"name":"wp","href":"https:\/\/api.w.org\/{rel}","templated":true}]}}