{"id":160,"date":"2017-05-20T13:50:49","date_gmt":"2017-05-20T11:50:49","guid":{"rendered":"http:\/\/www.las3liebres.eu\/?page_id=160"},"modified":"2025-06-12T21:05:15","modified_gmt":"2025-06-12T19:05:15","slug":"casa-ambar","status":"publish","type":"page","link":"https:\/\/www.las3liebres.eu\/?page_id=160","title":{"rendered":"CASA AMBAR"},"content":{"rendered":"<hr>\n<p style=\"text-align:left;\"><img loading=\"lazy\" decoding=\"async\" class=\"size-full wp-image-391 alignleft\" src=\"http:\/\/las3liebres.eu\/wp-content\/uploads\/2017\/05\/banderaespanola.gif\" alt=\"\" width=\"154\" height=\"110\" animated-media=\"animated-media\"><\/p>\n<p style=\"text-align:center;\"><span style=\"color:#0000ff;\"><em><strong>CASA AMBAR 75 m\u00b2 con Piscina, Bicicletas, Kayak, Aire Acondicionado \/ Calefacci\u00f3n, C<\/strong><\/em><strong>aja Fuerte y Wifi<\/strong>.<\/span><\/p>\n<p style=\"text-align:left;\">Casa 75 m\u00b2 para 4 m\u00e1ximo 5 personas con piscina, dos bicicletas, un kayak, aire acondicionado \/ calefacci\u00f3n, caja fuerte y Wifi en Zahora-Costa de la luz-Andalucia. La casa se encuentra a 500 metros de las encantadoras playas. Dos dormitorios con dos camas individuales 80&#215;190, cuarto de ba\u00f1o,ducha con ba\u00f1era (1m), sala de estar con cocina abierta. Frigorifico con congelador independiente, microondas, cafetera .SMART TV LED 40&#8243; por Antena, Sat\u00e9lite,WiFi, radio-CD MP3 USB. Piscina de uso comunitario. Terraza Cubierta, jard\u00edn con ducha exterior y tumbonas. Barbacoa, lavadora, servicio de lavander\u00eda y recogida de basura. Aparcamiento junto a la casa. zona tranquila. Por la seguridad de todos en las zonas comunes hay videovigilancia homologada, se\u00f1alizada y registrada en la agencia espa\u00f1ola de proteccion de datos. Casas separadas por \u00e1rboles, arbustos y jardines. Ideal tambien para los ni\u00f1os. Camino privado. La playa es accesible a trav\u00e9s de una rampa,Restaurantes y Tiendas a 500m.<\/p>\n<hr>\n<div class=\"preview\">\n<p style=\"text-align:center;\"><img loading=\"lazy\" decoding=\"async\" class=\"wp-image-395 alignleft\" src=\"http:\/\/las3liebres.eu\/wp-content\/uploads\/2017\/05\/banderainglesa.gif\" alt=\"\" width=\"165\" height=\"90\" animated-media=\"animated-media\" data-temp-aztec-id=\"9161fc11-74a2-49b0-834b-145bb4ab8340\"><span style=\"color:#0000ff;\"><em><strong>CASA AMBAR 75 m\u00b2 with Swimming Pool, Bicycles, Kayak, Air Condition \/ Heating, Safe and Wifi.<\/strong><\/em><\/span><\/p>\n<p style=\"text-align:left;\">House 75 m\u00b2 for 4 max 5 persons with swimming pool, two bicycles, one kayak, air condition \/ heating, Safe and Wifi in Zahora-Costa de la Luz-Andalusia. The house is located 500 m from the beach. Two bedrooms every one w. two single beds 80X190, bathroom with shower cubicle (1m). Living-dining room with open kitchen. Refrigerator with separate freezer, microwelle, express coffee pot. SMART TV LED 40&#8243;. POR ANTEN,SAT, WIFI, radio CD-MP3 USB. Swimming pool for communal use. Covered terrace, garden w. Lying and out shower, washmachine service and other services , outside grill. Parking directly by the house. Quiet location. For the safety of everyone in the common areas there is video surveillance approved, signaled and registered in the Spanish data protection agency.<br \/>\nHouses are separated by trees, bushes and gardens. Also suitable for children, 100 m. Private road. The beach is reached by a ramp, Restaurants and shops 500 m.<\/p>\n<\/div>\n<hr>\n<p><img loading=\"lazy\" decoding=\"async\" class=\"size-full wp-image-392 alignleft\" src=\"http:\/\/las3liebres.eu\/wp-content\/uploads\/2017\/05\/banderaalemana.gif\" alt=\"\" width=\"153\" height=\"101\" animated-media=\"animated-media\"><\/p>\n<p style=\"text-align:center;\"><span style=\"color:#0000ff;\"><em><strong>CASA AMBAR 75 m\u00b2 mit Swimming-Pool, Fahrraeder, Kayak, Klimaanlage \/ Heizung, Safe und Wifi.<\/strong><\/em><\/span><\/p>\n<p style=\"text-align:left;\">Haus f\u00fcr 4 max 5 Personen mit Swimming-Pool, zwei Fahrraeder, ein Kayak, Klimaanlage \/ Heizung, Safe und Wifi in Zahora-Costa de la Luz-Andalusien.Das Haus befindet sich 500 m von kilometerlangen weissen Sandstr\u00e4nden entfernt.2 Schlafzimmer -je 2 Einzelbetten 80X190, Badezimmer m. Duschwanne (1m) Wohn u. Essraum mit offener K\u00fcche. K\u00fchlschrank m. seperatem Gefrierfach, Microwelle, Express-kaffeekanne. SMART TV LED 40&#8243;.ANTENNE, SAT, WIFI, Radio-CD MP3 USB, Internet WiFi, \u00dcberdachte Terrasse m. M\u00f6bel, Garten m. Liegen, Aussengrill, Aussendusche und Waschmaschine Service unter anderen. Parkplatz direkt am Haus. F\u00fcr die Sicherheit aller in den \u00f6ffentlichen Bereichen ist eine Video\u00fcberwachung in der spanischen Datenschutzbeh\u00f6rde zugelassen, signiert und registriert. Ruhige Ortsrandlage durch B\u00e4ume, B\u00fcsche u. G\u00e4rten getrennt. Auch f\u00fcr Kinder sehr geeignet, da 100 m. Privatweg. Restaurants u. Einkaufsm\u00f6glichkeiten 500 m.<\/p>\n<hr>\n<p><img loading=\"lazy\" decoding=\"async\" class=\"aligncenter size-full wp-image-1008\" style=\"margin-top: 0.857143rem; margin-bottom: 0.857143rem;\" src=\"http:\/\/las3liebres.eu\/wp-content\/uploads\/2018\/09\/IMG-20180502-WA0012.jpeg\" alt=\"\" width=\"4160\" height=\"2352\" data-temp-aztec-id=\"2c3bc418-2666-4952-b203-c868f755301b\" srcset=\"https:\/\/las3liebres.eu\/wp-content\/uploads\/2018\/09\/IMG-20180502-WA0012.jpeg 4160w, https:\/\/las3liebres.eu\/wp-content\/uploads\/2018\/09\/IMG-20180502-WA0012-300x170.jpeg 300w, https:\/\/las3liebres.eu\/wp-content\/uploads\/2018\/09\/IMG-20180502-WA0012-768x434.jpeg 768w, https:\/\/las3liebres.eu\/wp-content\/uploads\/2018\/09\/IMG-20180502-WA0012-1024x579.jpeg 1024w\" sizes=\"auto, (max-width: 4160px) 100vw, 4160px\" \/><\/p>\n<p><img loading=\"lazy\" decoding=\"async\" class=\"wp-image-967 size-full aligncenter\" src=\"http:\/\/las3liebres.eu\/wp-content\/uploads\/2018\/07\/AMBAR-8.jpg\" alt=\"\" width=\"4160\" height=\"3120\" srcset=\"https:\/\/las3liebres.eu\/wp-content\/uploads\/2018\/07\/AMBAR-8.jpg 4160w, https:\/\/las3liebres.eu\/wp-content\/uploads\/2018\/07\/AMBAR-8-300x225.jpg 300w, https:\/\/las3liebres.eu\/wp-content\/uploads\/2018\/07\/AMBAR-8-768x576.jpg 768w, https:\/\/las3liebres.eu\/wp-content\/uploads\/2018\/07\/AMBAR-8-1024x768.jpg 1024w\" sizes=\"auto, (max-width: 4160px) 100vw, 4160px\" \/><\/p>\n<p><img loading=\"lazy\" decoding=\"async\" class=\"wp-image-969 size-full aligncenter\" src=\"http:\/\/las3liebres.eu\/wp-content\/uploads\/2018\/07\/AMBAR-5.jpg\" alt=\"\" width=\"4160\" height=\"3120\" srcset=\"https:\/\/las3liebres.eu\/wp-content\/uploads\/2018\/07\/AMBAR-5.jpg 4160w, https:\/\/las3liebres.eu\/wp-content\/uploads\/2018\/07\/AMBAR-5-300x225.jpg 300w, https:\/\/las3liebres.eu\/wp-content\/uploads\/2018\/07\/AMBAR-5-768x576.jpg 768w, https:\/\/las3liebres.eu\/wp-content\/uploads\/2018\/07\/AMBAR-5-1024x768.jpg 1024w\" sizes=\"auto, (max-width: 4160px) 100vw, 4160px\" \/><\/p>\n<p><img loading=\"lazy\" decoding=\"async\" class=\"wp-image-988 size-full aligncenter\" src=\"http:\/\/las3liebres.eu\/wp-content\/uploads\/2018\/09\/AMBAR-3.jpg\" alt=\"\" width=\"3120\" height=\"4160\" data-temp-aztec-id=\"37a99b79-3063-4ef7-a683-88d392998bd5\" srcset=\"https:\/\/las3liebres.eu\/wp-content\/uploads\/2018\/09\/AMBAR-3.jpg 3120w, https:\/\/las3liebres.eu\/wp-content\/uploads\/2018\/09\/AMBAR-3-225x300.jpg 225w, https:\/\/las3liebres.eu\/wp-content\/uploads\/2018\/09\/AMBAR-3-768x1024.jpg 768w\" sizes=\"auto, (max-width: 3120px) 100vw, 3120px\" \/><\/p>\n<p><img loading=\"lazy\" decoding=\"async\" class=\"wp-image-990 size-full aligncenter\" src=\"http:\/\/las3liebres.eu\/wp-content\/uploads\/2018\/09\/AMBAR-8.jpg\" alt=\"\" width=\"3120\" height=\"4160\" srcset=\"https:\/\/las3liebres.eu\/wp-content\/uploads\/2018\/09\/AMBAR-8.jpg 3120w, https:\/\/las3liebres.eu\/wp-content\/uploads\/2018\/09\/AMBAR-8-225x300.jpg 225w, https:\/\/las3liebres.eu\/wp-content\/uploads\/2018\/09\/AMBAR-8-768x1024.jpg 768w\" sizes=\"auto, (max-width: 3120px) 100vw, 3120px\" \/><\/p>\n<p><img loading=\"lazy\" decoding=\"async\" class=\"wp-image-992 size-full aligncenter\" src=\"http:\/\/las3liebres.eu\/wp-content\/uploads\/2018\/09\/AMBAR-9.jpg\" alt=\"\" width=\"4160\" height=\"3120\" srcset=\"https:\/\/las3liebres.eu\/wp-content\/uploads\/2018\/09\/AMBAR-9.jpg 4160w, https:\/\/las3liebres.eu\/wp-content\/uploads\/2018\/09\/AMBAR-9-300x225.jpg 300w, https:\/\/las3liebres.eu\/wp-content\/uploads\/2018\/09\/AMBAR-9-768x576.jpg 768w, https:\/\/las3liebres.eu\/wp-content\/uploads\/2018\/09\/AMBAR-9-1024x768.jpg 1024w\" sizes=\"auto, (max-width: 4160px) 100vw, 4160px\" \/><\/p>\n<p><img loading=\"lazy\" decoding=\"async\" class=\"wp-image-994 size-full aligncenter\" src=\"http:\/\/las3liebres.eu\/wp-content\/uploads\/2018\/09\/AMBAR-11.jpg\" alt=\"\" width=\"3120\" height=\"4160\" srcset=\"https:\/\/las3liebres.eu\/wp-content\/uploads\/2018\/09\/AMBAR-11.jpg 3120w, https:\/\/las3liebres.eu\/wp-content\/uploads\/2018\/09\/AMBAR-11-225x300.jpg 225w, https:\/\/las3liebres.eu\/wp-content\/uploads\/2018\/09\/AMBAR-11-768x1024.jpg 768w\" sizes=\"auto, (max-width: 3120px) 100vw, 3120px\" \/><\/p>\n<p><img loading=\"lazy\" decoding=\"async\" class=\"aligncenter size-full wp-image-996\" src=\"http:\/\/las3liebres.eu\/wp-content\/uploads\/2018\/09\/AMBAR-10.jpg\" alt=\"\" width=\"4160\" height=\"3120\" srcset=\"https:\/\/las3liebres.eu\/wp-content\/uploads\/2018\/09\/AMBAR-10.jpg 4160w, https:\/\/las3liebres.eu\/wp-content\/uploads\/2018\/09\/AMBAR-10-300x225.jpg 300w, https:\/\/las3liebres.eu\/wp-content\/uploads\/2018\/09\/AMBAR-10-768x576.jpg 768w, https:\/\/las3liebres.eu\/wp-content\/uploads\/2018\/09\/AMBAR-10-1024x768.jpg 1024w\" sizes=\"auto, (max-width: 4160px) 100vw, 4160px\" \/><\/p>\n<p><img loading=\"lazy\" decoding=\"async\" class=\"aligncenter size-full wp-image-1005\" src=\"http:\/\/las3liebres.eu\/wp-content\/uploads\/2018\/09\/AMBAR-5.jpg\" alt=\"\" width=\"3120\" height=\"4160\" srcset=\"https:\/\/las3liebres.eu\/wp-content\/uploads\/2018\/09\/AMBAR-5.jpg 3120w, https:\/\/las3liebres.eu\/wp-content\/uploads\/2018\/09\/AMBAR-5-225x300.jpg 225w, https:\/\/las3liebres.eu\/wp-content\/uploads\/2018\/09\/AMBAR-5-768x1024.jpg 768w\" sizes=\"auto, (max-width: 3120px) 100vw, 3120px\" \/><\/p>\n<p><img loading=\"lazy\" decoding=\"async\" src=\"https:\/\/las3liebres.eu\/wp-content\/uploads\/2025\/06\/img_20240801_124828_4963241212997148872719.jpg\" class=\"wp-image-1377 alignnone size-full\" width=\"1500\" height=\"2000\" srcset=\"https:\/\/las3liebres.eu\/wp-content\/uploads\/2025\/06\/img_20240801_124828_4963241212997148872719.jpg 1500w, https:\/\/las3liebres.eu\/wp-content\/uploads\/2025\/06\/img_20240801_124828_4963241212997148872719-225x300.jpg 225w, https:\/\/las3liebres.eu\/wp-content\/uploads\/2025\/06\/img_20240801_124828_4963241212997148872719-768x1024.jpg 768w, https:\/\/las3liebres.eu\/wp-content\/uploads\/2025\/06\/img_20240801_124828_4963241212997148872719-1152x1536.jpg 1152w\" sizes=\"auto, (max-width: 1500px) 100vw, 1500px\" \/><\/p>\n<p><img loading=\"lazy\" decoding=\"async\" src=\"https:\/\/las3liebres.eu\/wp-content\/uploads\/2025\/06\/img_20240801_130336_5756318872723212516408.jpg\" class=\"wp-image-1378 alignnone size-full\" width=\"1500\" height=\"2000\" srcset=\"https:\/\/las3liebres.eu\/wp-content\/uploads\/2025\/06\/img_20240801_130336_5756318872723212516408.jpg 1500w, https:\/\/las3liebres.eu\/wp-content\/uploads\/2025\/06\/img_20240801_130336_5756318872723212516408-225x300.jpg 225w, https:\/\/las3liebres.eu\/wp-content\/uploads\/2025\/06\/img_20240801_130336_5756318872723212516408-768x1024.jpg 768w, https:\/\/las3liebres.eu\/wp-content\/uploads\/2025\/06\/img_20240801_130336_5756318872723212516408-1152x1536.jpg 1152w\" sizes=\"auto, (max-width: 1500px) 100vw, 1500px\" \/><\/p>\n<p><img loading=\"lazy\" decoding=\"async\" class=\"aligncenter wp-image-367 size-full\" style=\"margin-top: 0.857143rem; margin-bottom: 0.857143rem;\" src=\"http:\/\/las3liebres.eu\/wp-content\/uploads\/2017\/05\/AMBAR.jpg\" alt=\"\" width=\"2436\" height=\"1896\" srcset=\"https:\/\/las3liebres.eu\/wp-content\/uploads\/2017\/05\/AMBAR.jpg 2436w, https:\/\/las3liebres.eu\/wp-content\/uploads\/2017\/05\/AMBAR-300x233.jpg 300w, https:\/\/las3liebres.eu\/wp-content\/uploads\/2017\/05\/AMBAR-768x598.jpg 768w, https:\/\/las3liebres.eu\/wp-content\/uploads\/2017\/05\/AMBAR-1024x797.jpg 1024w\" sizes=\"auto, (max-width: 2436px) 100vw, 2436px\" \/><\/p>\n<hr>\n<p><strong>SI CONTIN\u00daA NAVEGANDO Y QUIERE DEJAR UN COMENTARIO SE CONSIDERAR\u00c1 QUE ACEPTA LA TOTALIDAD DE CONDICIONES DEL<\/strong> \u00abAVISO LEGAL Y POLITICA DE PRIVACIDAD\u00bb.<\/p>\n<hr>\n","protected":false},"excerpt":{"rendered":"<p>CASA AMBAR 75 m\u00b2 con Piscina, Bicicletas, Kayak, Aire Acondicionado \/ Calefacci\u00f3n, Caja Fuerte y Wifi. Casa 75 m\u00b2 para 4 m\u00e1ximo 5 personas con piscina, dos bicicletas, un kayak, aire acondicionado \/ calefacci\u00f3n, caja fuerte y Wifi en Zahora-Costa de la luz-Andalucia. La casa se encuentra a 500 metros de las encantadoras playas. Dos&#8230;<\/p>\n","protected":false},"author":1,"featured_media":0,"parent":0,"menu_order":0,"comment_status":"open","ping_status":"closed","template":"","meta":{"footnotes":""},"class_list":["post-160","page","type-page","status-publish","hentry"],"_links":{"self":[{"href":"https:\/\/www.las3liebres.eu\/index.php?rest_route=\/wp\/v2\/pages\/160","targetHints":{"allow":["GET"]}}],"collection":[{"href":"https:\/\/www.las3liebres.eu\/index.php?rest_route=\/wp\/v2\/pages"}],"about":[{"href":"https:\/\/www.las3liebres.eu\/index.php?rest_route=\/wp\/v2\/types\/page"}],"author":[{"embeddable":true,"href":"https:\/\/www.las3liebres.eu\/index.php?rest_route=\/wp\/v2\/users\/1"}],"replies":[{"embeddable":true,"href":"https:\/\/www.las3liebres.eu\/index.php?rest_route=%2Fwp%2Fv2%2Fcomments&post=160"}],"version-history":[{"count":124,"href":"https:\/\/www.las3liebres.eu\/index.php?rest_route=\/wp\/v2\/pages\/160\/revisions"}],"predecessor-version":[{"id":1379,"href":"https:\/\/www.las3liebres.eu\/index.php?rest_route=\/wp\/v2\/pages\/160\/revisions\/1379"}],"wp:attachment":[{"href":"https:\/\/www.las3liebres.eu\/index.php?rest_route=%2Fwp%2Fv2%2Fmedia&parent=160"}],"curies":[{"name":"wp","href":"https:\/\/api.w.org\/{rel}","templated":true}]}}