{"id":1386,"date":"2025-06-12T21:41:44","date_gmt":"2025-06-12T19:41:44","guid":{"rendered":"https:\/\/www.las3liebres.eu\/?page_id=1386"},"modified":"2025-06-12T22:10:37","modified_gmt":"2025-06-12T20:10:37","slug":"parque-exterior-de-calistenia-outdoor-calistenia-sport-park","status":"publish","type":"page","link":"https:\/\/www.las3liebres.eu\/?page_id=1386","title":{"rendered":"PARQUE EXTERIOR DE CALISTENIA &#8211; OUTDOOR CALISTENIA SPORT PARK"},"content":{"rendered":"\n<hr class=\"wp-block-separator has-css-opacity\"\/>\n\n\n<div class=\"wp-block-image\">\n<figure class=\"alignleft size-large\"><img loading=\"lazy\" decoding=\"async\" width=\"154\" height=\"110\" src=\"http:\/\/las3liebres.eu\/wp-content\/uploads\/2017\/05\/banderaespanola.gif\" alt=\"\" class=\"wp-image-391\"\/><\/figure><\/div>\n\n\n<h3 class=\"wp-block-heading\">Parque exterior de calistenia profesional.<\/h3>\n\n\n\n<p>Como siempre, en agradecimiento, por elegir estas instalaciones, le ponemos a disposici\u00f3n por cortes\u00eda sin coste alguno, este parque profesional de calistenia exterior equipado con 2 torretas, barras varias y saco de boxeo entre otros detalles que les haran pasar unas vacaciones inolvidables.<\/p>\n\n\n\n<hr class=\"wp-block-separator has-css-opacity\"\/>\n\n\n<div class=\"wp-block-image\">\n<figure class=\"alignleft size-large\"><img loading=\"lazy\" decoding=\"async\" width=\"152\" height=\"83\" src=\"http:\/\/las3liebres.eu\/wp-content\/uploads\/2017\/05\/banderainglesa.gif\" alt=\"\" class=\"wp-image-395\"\/><\/figure><\/div>\n\n\n<h3 class=\"wp-block-heading\">Outdoor professional calisthenics park.<\/h3>\n\n\n\n<h3 class=\"wp-block-heading\"><\/h3>\n\n\n\n<p>As always, in gratitude, for choosing these facilities, we make this professional outdoor calisthenics park equipped with 2 turrets, various bars and punching bags available to you at no cost that will make an unforgettable holidays.<\/p>\n\n\n\n<hr class=\"wp-block-separator has-css-opacity\"\/>\n\n\n<div class=\"wp-block-image\">\n<figure class=\"alignleft size-large\"><img loading=\"lazy\" decoding=\"async\" width=\"153\" height=\"101\" src=\"http:\/\/las3liebres.eu\/wp-content\/uploads\/2017\/05\/banderaalemana.gif\" alt=\"\" class=\"wp-image-392\"\/><\/figure><\/div>\n\n\n<h3 class=\"wp-block-heading\">Outdoor Professional Calisthenics Park.<\/h3>\n\n\n\n<p>Wie immer, in Dankbarkeit, f\u00fcr die Wahl dieser Einrichtungen, stellen wir Ihnen diesen professionellen Calisthenics Park im Freien zur Verf\u00fcgung, der mit zwei T\u00fcrmen, verschiedenen Bars und Boxs\u00e4cken ausgestattet ist, die Ihnen kostenlos zur Verf\u00fcgung stehen und somit einen&nbsp; unvergesslichen Urlaub bereiten werden .<\/p>\n\n\n\n<hr class=\"wp-block-separator has-css-opacity\"\/>\n\n\n\n<figure class=\"wp-block-image size-large\"><img loading=\"lazy\" decoding=\"async\" width=\"473\" height=\"1024\" src=\"https:\/\/las3liebres.eu\/wp-content\/uploads\/2025\/06\/10000834877461511039828900540-473x1024.jpg\" alt=\"\" class=\"wp-image-1389\" srcset=\"https:\/\/las3liebres.eu\/wp-content\/uploads\/2025\/06\/10000834877461511039828900540-473x1024.jpg 473w, https:\/\/las3liebres.eu\/wp-content\/uploads\/2025\/06\/10000834877461511039828900540-139x300.jpg 139w, https:\/\/las3liebres.eu\/wp-content\/uploads\/2025\/06\/10000834877461511039828900540-768x1662.jpg 768w, https:\/\/las3liebres.eu\/wp-content\/uploads\/2025\/06\/10000834877461511039828900540-710x1536.jpg 710w, https:\/\/las3liebres.eu\/wp-content\/uploads\/2025\/06\/10000834877461511039828900540.jpg 924w\" sizes=\"auto, (max-width: 473px) 100vw, 473px\" \/><\/figure>\n\n\n\n<figure class=\"wp-block-gallery has-nested-images columns-default is-cropped wp-block-gallery-1 is-layout-flex wp-block-gallery-is-layout-flex\"><\/figure>\n\n\n\n<figure class=\"wp-block-video\"><\/figure>\n\n\n\n\n\n<figure class=\"wp-block-video\"><\/figure>\n\n\n\n<hr class=\"wp-block-separator has-css-opacity\"\/>\n\n\n\n<p><strong>SI CONTIN\u00daA NAVEGANDO Y QUIERE DEJAR UN COMENTARIO SE CONSIDERAR\u00c1 QUE ACEPTA LA TOTALIDAD DE CONDICIONES DEL<\/strong> \u00abAVISO LEGAL Y POLITICA DE PRIVACIDAD\u00bb.<\/p>\n\n\n\n<p><\/p>\n","protected":false},"excerpt":{"rendered":"<p>Parque exterior de calistenia profesional. Como siempre, en agradecimiento, por elegir estas instalaciones, le ponemos a disposici\u00f3n por cortes\u00eda sin coste alguno, este parque profesional de calistenia exterior equipado con 2 torretas, barras varias y saco de boxeo entre otros detalles que les haran pasar unas vacaciones inolvidables. Outdoor professional calisthenics park. As always, in&#8230;<\/p>\n","protected":false},"author":1,"featured_media":0,"parent":590,"menu_order":1,"comment_status":"open","ping_status":"closed","template":"","meta":{"footnotes":""},"class_list":["post-1386","page","type-page","status-publish","hentry"],"_links":{"self":[{"href":"https:\/\/www.las3liebres.eu\/index.php?rest_route=\/wp\/v2\/pages\/1386","targetHints":{"allow":["GET"]}}],"collection":[{"href":"https:\/\/www.las3liebres.eu\/index.php?rest_route=\/wp\/v2\/pages"}],"about":[{"href":"https:\/\/www.las3liebres.eu\/index.php?rest_route=\/wp\/v2\/types\/page"}],"author":[{"embeddable":true,"href":"https:\/\/www.las3liebres.eu\/index.php?rest_route=\/wp\/v2\/users\/1"}],"replies":[{"embeddable":true,"href":"https:\/\/www.las3liebres.eu\/index.php?rest_route=%2Fwp%2Fv2%2Fcomments&post=1386"}],"version-history":[{"count":2,"href":"https:\/\/www.las3liebres.eu\/index.php?rest_route=\/wp\/v2\/pages\/1386\/revisions"}],"predecessor-version":[{"id":1390,"href":"https:\/\/www.las3liebres.eu\/index.php?rest_route=\/wp\/v2\/pages\/1386\/revisions\/1390"}],"up":[{"embeddable":true,"href":"https:\/\/www.las3liebres.eu\/index.php?rest_route=\/wp\/v2\/pages\/590"}],"wp:attachment":[{"href":"https:\/\/www.las3liebres.eu\/index.php?rest_route=%2Fwp%2Fv2%2Fmedia&parent=1386"}],"curies":[{"name":"wp","href":"https:\/\/api.w.org\/{rel}","templated":true}]}}