{"id":1308,"date":"2022-12-27T17:48:06","date_gmt":"2022-12-27T16:48:06","guid":{"rendered":"http:\/\/www.las3liebres.eu\/?page_id=1308"},"modified":"2022-12-27T17:51:42","modified_gmt":"2022-12-27T16:51:42","slug":"puntos-de-carga-electrica-electric-vehicle-charging-points","status":"publish","type":"page","link":"https:\/\/www.las3liebres.eu\/?page_id=1308","title":{"rendered":"PUNTOS DE CARGA ELECTRICA- ELECTRIC VEHICLE CHARGING POINTS."},"content":{"rendered":"\n<hr class=\"wp-block-separator has-css-opacity\"\/>\n\n\n<div class=\"wp-block-image\">\n<figure class=\"alignleft size-large\"><img loading=\"lazy\" decoding=\"async\" width=\"154\" height=\"110\" src=\"http:\/\/las3liebres.eu\/wp-content\/uploads\/2017\/05\/banderaespanola.gif\" alt=\"\" class=\"wp-image-391\"\/><\/figure><\/div>\n\n\n<h3 class=\"wp-block-heading\">2 Aparcamientos con puntos de carga electrica.<\/h3>\n\n\n\n<p>Adem\u00e1s&#8230;En agradecimiento, por elegir estas instalaciones, le ponemos a disposici\u00f3n por cortes\u00eda sin coste alguno, 2 aparcamientos con puntos de carga el\u00e9ctrica y otros detalles que les har\u00e1n pasar unas vacaciones inolvidables.<\/p>\n\n\n\n<hr class=\"wp-block-separator has-css-opacity\"\/>\n\n\n<div class=\"wp-block-image\">\n<figure class=\"alignleft size-large\"><img loading=\"lazy\" decoding=\"async\" width=\"152\" height=\"83\" src=\"http:\/\/las3liebres.eu\/wp-content\/uploads\/2017\/05\/banderainglesa.gif\" alt=\"\" class=\"wp-image-395\"\/><\/figure><\/div>\n\n\n<h3 class=\"wp-block-heading\">2 Electric vehicle charging points.<\/h3>\n\n\n\n<p><\/p>\n\n\n\n<p>In addition\u2026 As a thank you for choosing these facilities, we provide you with courtesy at no cost, 2 car parks with electric charging points and other details that will make you spend an unforgettable vacation.<\/p>\n\n\n\n<hr class=\"wp-block-separator has-css-opacity\"\/>\n\n\n<div class=\"wp-block-image\">\n<figure class=\"alignleft size-large\"><img loading=\"lazy\" decoding=\"async\" width=\"153\" height=\"101\" src=\"http:\/\/las3liebres.eu\/wp-content\/uploads\/2017\/05\/banderaalemana.gif\" alt=\"\" class=\"wp-image-392\"\/><\/figure><\/div>\n\n\n<h3 class=\"wp-block-heading\">2 Parkpl\u00e4tze mit Electroladestationen. <\/h3>\n\n\n\n<p>Dar\u00fcber hinaus \u2026 Als Dankesch\u00f6n f\u00fcr die Wahl dieser Einrichtungen stellen wir Ihnen kostenlos 2 Parkpl\u00e4tze mit Elektroladestationen und andere Details zur Verf\u00fcgung, die Ihnen einen unvergesslichen Urlaub bescheren werden.<\/p>\n\n\n\n<hr class=\"wp-block-separator has-css-opacity\"\/>\n\n\n\n<figure class=\"wp-block-image size-large\"><img loading=\"lazy\" decoding=\"async\" width=\"461\" height=\"1024\" src=\"http:\/\/las3liebres.eu\/wp-content\/uploads\/2022\/12\/20221227_1648441467078722939728635-461x1024.jpg\" alt=\"\" class=\"wp-image-1307\" srcset=\"https:\/\/las3liebres.eu\/wp-content\/uploads\/2022\/12\/20221227_1648441467078722939728635-461x1024.jpg 461w, https:\/\/las3liebres.eu\/wp-content\/uploads\/2022\/12\/20221227_1648441467078722939728635-135x300.jpg 135w, https:\/\/las3liebres.eu\/wp-content\/uploads\/2022\/12\/20221227_1648441467078722939728635-768x1705.jpg 768w, https:\/\/las3liebres.eu\/wp-content\/uploads\/2022\/12\/20221227_1648441467078722939728635-692x1536.jpg 692w, https:\/\/las3liebres.eu\/wp-content\/uploads\/2022\/12\/20221227_1648441467078722939728635-922x2048.jpg 922w, https:\/\/las3liebres.eu\/wp-content\/uploads\/2022\/12\/20221227_1648441467078722939728635-scaled.jpg 1153w\" sizes=\"auto, (max-width: 461px) 100vw, 461px\" \/><\/figure>\n\n\n\n<hr class=\"wp-block-separator has-css-opacity\"\/>\n\n\n\n<p><strong>SI CONTIN\u00daA NAVEGANDO Y QUIERE DEJAR UN COMENTARIO SE CONSIDERAR\u00c1 QUE ACEPTA LA TOTALIDAD DE CONDICIONES DEL<\/strong> \u00abAVISO LEGAL Y POLITICA DE PRIVACIDAD\u00bb.<\/p>\n\n\n\n<p><\/p>\n","protected":false},"excerpt":{"rendered":"<p>2 Aparcamientos con puntos de carga electrica. Adem\u00e1s&#8230;En agradecimiento, por elegir estas instalaciones, le ponemos a disposici\u00f3n por cortes\u00eda sin coste alguno, 2 aparcamientos con puntos de carga el\u00e9ctrica y otros detalles que les har\u00e1n pasar unas vacaciones inolvidables. 2 Electric vehicle charging points. In addition\u2026 As a thank you for choosing these facilities, we&#8230;<\/p>\n","protected":false},"author":1,"featured_media":0,"parent":0,"menu_order":0,"comment_status":"open","ping_status":"closed","template":"","meta":{"footnotes":""},"class_list":["post-1308","page","type-page","status-publish","hentry"],"_links":{"self":[{"href":"https:\/\/www.las3liebres.eu\/index.php?rest_route=\/wp\/v2\/pages\/1308","targetHints":{"allow":["GET"]}}],"collection":[{"href":"https:\/\/www.las3liebres.eu\/index.php?rest_route=\/wp\/v2\/pages"}],"about":[{"href":"https:\/\/www.las3liebres.eu\/index.php?rest_route=\/wp\/v2\/types\/page"}],"author":[{"embeddable":true,"href":"https:\/\/www.las3liebres.eu\/index.php?rest_route=\/wp\/v2\/users\/1"}],"replies":[{"embeddable":true,"href":"https:\/\/www.las3liebres.eu\/index.php?rest_route=%2Fwp%2Fv2%2Fcomments&post=1308"}],"version-history":[{"count":2,"href":"https:\/\/www.las3liebres.eu\/index.php?rest_route=\/wp\/v2\/pages\/1308\/revisions"}],"predecessor-version":[{"id":1311,"href":"https:\/\/www.las3liebres.eu\/index.php?rest_route=\/wp\/v2\/pages\/1308\/revisions\/1311"}],"wp:attachment":[{"href":"https:\/\/www.las3liebres.eu\/index.php?rest_route=%2Fwp%2Fv2%2Fmedia&parent=1308"}],"curies":[{"name":"wp","href":"https:\/\/api.w.org\/{rel}","templated":true}]}}