{"id":1192,"date":"2020-10-05T13:23:07","date_gmt":"2020-10-05T11:23:07","guid":{"rendered":"http:\/\/www.las3liebres.eu\/?page_id=1192"},"modified":"2020-10-05T13:55:56","modified_gmt":"2020-10-05T11:55:56","slug":"bicicletas-bikes-kayaks","status":"publish","type":"page","link":"https:\/\/www.las3liebres.eu\/?page_id=1192","title":{"rendered":"BICICLETAS &#8211; BIKES &#8211; KAYAKS"},"content":{"rendered":"\n<hr class=\"wp-block-separator\"\/>\n\n\n\n<div class=\"wp-block-image\"><figure class=\"alignleft size-large\"><img loading=\"lazy\" decoding=\"async\" width=\"154\" height=\"110\" src=\"http:\/\/las3liebres.eu\/wp-content\/uploads\/2017\/05\/banderaespanola.gif\" alt=\"\" class=\"wp-image-391\"\/><\/figure><\/div>\n\n\n\n<h3 class=\"wp-block-heading\">Bicicletas y kayaks.<\/h3>\n\n\n\n<p>Adem\u00e1s&#8230;En agradecimiento, por elegir estas instalaciones, le ponemos a disposici\u00f3n por cortes\u00eda sin coste alguno, dos bicicletas y un kayak.<\/p>\n\n\n\n<hr class=\"wp-block-separator\"\/>\n\n\n\n<div class=\"wp-block-image\"><figure class=\"alignleft size-large\"><img loading=\"lazy\" decoding=\"async\" width=\"152\" height=\"83\" src=\"http:\/\/las3liebres.eu\/wp-content\/uploads\/2017\/05\/banderainglesa.gif\" alt=\"\" class=\"wp-image-395\"\/><\/figure><\/div>\n\n\n\n<h3 class=\"wp-block-heading\">Bicycles and kayaks.<\/h3>\n\n\n\n<p>In addition \u2026 In gratitude, for choosing these facilities, we offer you, free of charge, two bicycles and one kayak.<\/p>\n\n\n\n<hr class=\"wp-block-separator\"\/>\n\n\n\n<div class=\"wp-block-image\"><figure class=\"alignleft size-large\"><img loading=\"lazy\" decoding=\"async\" width=\"153\" height=\"101\" src=\"http:\/\/las3liebres.eu\/wp-content\/uploads\/2017\/05\/banderaalemana.gif\" alt=\"\" class=\"wp-image-392\"\/><\/figure><\/div>\n\n\n\n<h3 class=\"wp-block-heading\">Fahrender und kayaks.<\/h3>\n\n\n\n<p>Zus\u00e4tzlich \u2026 Zum Dank bieten wir Ihnen f\u00fcr die Auswahl dieser Einrichtungen kostenlos zwei Fahrr\u00e4der und ein kajak an.<\/p>\n\n\n\n<hr class=\"wp-block-separator\"\/>\n\n\n\n<figure class=\"wp-block-image size-large\"><img loading=\"lazy\" decoding=\"async\" width=\"2560\" height=\"1920\" src=\"http:\/\/las3liebres.eu\/wp-content\/uploads\/2020\/10\/img_20190404_1611443987147187429953404-scaled.jpg\" alt=\"\" class=\"wp-image-1194\" srcset=\"https:\/\/las3liebres.eu\/wp-content\/uploads\/2020\/10\/img_20190404_1611443987147187429953404-scaled.jpg 2560w, https:\/\/las3liebres.eu\/wp-content\/uploads\/2020\/10\/img_20190404_1611443987147187429953404-300x225.jpg 300w, https:\/\/las3liebres.eu\/wp-content\/uploads\/2020\/10\/img_20190404_1611443987147187429953404-1024x768.jpg 1024w, https:\/\/las3liebres.eu\/wp-content\/uploads\/2020\/10\/img_20190404_1611443987147187429953404-768x576.jpg 768w, https:\/\/las3liebres.eu\/wp-content\/uploads\/2020\/10\/img_20190404_1611443987147187429953404-1536x1152.jpg 1536w, https:\/\/las3liebres.eu\/wp-content\/uploads\/2020\/10\/img_20190404_1611443987147187429953404-2048x1536.jpg 2048w\" sizes=\"auto, (max-width: 2560px) 100vw, 2560px\" \/><\/figure>\n\n\n\n<figure class=\"wp-block-image size-large\"><img loading=\"lazy\" decoding=\"async\" width=\"2560\" height=\"1920\" src=\"http:\/\/las3liebres.eu\/wp-content\/uploads\/2020\/10\/img_20190404_1612118401786297711812028-scaled.jpg\" alt=\"\" class=\"wp-image-1195\" srcset=\"https:\/\/las3liebres.eu\/wp-content\/uploads\/2020\/10\/img_20190404_1612118401786297711812028-scaled.jpg 2560w, https:\/\/las3liebres.eu\/wp-content\/uploads\/2020\/10\/img_20190404_1612118401786297711812028-300x225.jpg 300w, https:\/\/las3liebres.eu\/wp-content\/uploads\/2020\/10\/img_20190404_1612118401786297711812028-1024x768.jpg 1024w, https:\/\/las3liebres.eu\/wp-content\/uploads\/2020\/10\/img_20190404_1612118401786297711812028-768x576.jpg 768w, https:\/\/las3liebres.eu\/wp-content\/uploads\/2020\/10\/img_20190404_1612118401786297711812028-1536x1152.jpg 1536w, https:\/\/las3liebres.eu\/wp-content\/uploads\/2020\/10\/img_20190404_1612118401786297711812028-2048x1536.jpg 2048w\" sizes=\"auto, (max-width: 2560px) 100vw, 2560px\" \/><\/figure>\n\n\n\n<figure class=\"wp-block-image size-large\"><img loading=\"lazy\" decoding=\"async\" width=\"961\" height=\"576\" src=\"http:\/\/las3liebres.eu\/wp-content\/uploads\/2020\/10\/wp-16018947180236509925667610599951.jpg\" alt=\"\" class=\"wp-image-1202\" srcset=\"https:\/\/las3liebres.eu\/wp-content\/uploads\/2020\/10\/wp-16018947180236509925667610599951.jpg 961w, https:\/\/las3liebres.eu\/wp-content\/uploads\/2020\/10\/wp-16018947180236509925667610599951-300x180.jpg 300w, https:\/\/las3liebres.eu\/wp-content\/uploads\/2020\/10\/wp-16018947180236509925667610599951-768x460.jpg 768w\" sizes=\"auto, (max-width: 961px) 100vw, 961px\" \/><\/figure>\n\n\n\n<figure class=\"wp-block-image size-large\"><img loading=\"lazy\" decoding=\"async\" width=\"2560\" height=\"1152\" src=\"http:\/\/las3liebres.eu\/wp-content\/uploads\/2020\/10\/20201002_190823-28561443230121834996-scaled.jpg\" alt=\"\" class=\"wp-image-1226\" srcset=\"https:\/\/las3liebres.eu\/wp-content\/uploads\/2020\/10\/20201002_190823-28561443230121834996-scaled.jpg 2560w, https:\/\/las3liebres.eu\/wp-content\/uploads\/2020\/10\/20201002_190823-28561443230121834996-300x135.jpg 300w, https:\/\/las3liebres.eu\/wp-content\/uploads\/2020\/10\/20201002_190823-28561443230121834996-1024x461.jpg 1024w, https:\/\/las3liebres.eu\/wp-content\/uploads\/2020\/10\/20201002_190823-28561443230121834996-768x345.jpg 768w, https:\/\/las3liebres.eu\/wp-content\/uploads\/2020\/10\/20201002_190823-28561443230121834996-1536x691.jpg 1536w, https:\/\/las3liebres.eu\/wp-content\/uploads\/2020\/10\/20201002_190823-28561443230121834996-2048x921.jpg 2048w\" sizes=\"auto, (max-width: 2560px) 100vw, 2560px\" \/><\/figure>\n\n\n\n<hr class=\"wp-block-separator\"\/>\n\n\n\n<p><strong>SI CONTIN\u00daA NAVEGANDO Y QUIERE DEJAR UN COMENTARIO SE CONSIDERAR\u00c1 QUE ACEPTA LA TOTALIDAD DE CONDICIONES DEL<\/strong> \u00abAVISO LEGAL Y POLITICA DE PRIVACIDAD\u00bb.<\/p>\n\n\n\n<p><\/p>\n","protected":false},"excerpt":{"rendered":"<p>Bicicletas y kayaks. Adem\u00e1s&#8230;En agradecimiento, por elegir estas instalaciones, le ponemos a disposici\u00f3n por cortes\u00eda sin coste alguno, dos bicicletas y un kayak. Bicycles and kayaks. In addition \u2026 In gratitude, for choosing these facilities, we offer you, free of charge, two bicycles and one kayak. Fahrender und kayaks. Zus\u00e4tzlich \u2026 Zum Dank bieten wir&#8230;<\/p>\n","protected":false},"author":1,"featured_media":0,"parent":0,"menu_order":0,"comment_status":"open","ping_status":"closed","template":"","meta":{"footnotes":""},"class_list":["post-1192","page","type-page","status-publish","hentry"],"_links":{"self":[{"href":"https:\/\/www.las3liebres.eu\/index.php?rest_route=\/wp\/v2\/pages\/1192","targetHints":{"allow":["GET"]}}],"collection":[{"href":"https:\/\/www.las3liebres.eu\/index.php?rest_route=\/wp\/v2\/pages"}],"about":[{"href":"https:\/\/www.las3liebres.eu\/index.php?rest_route=\/wp\/v2\/types\/page"}],"author":[{"embeddable":true,"href":"https:\/\/www.las3liebres.eu\/index.php?rest_route=\/wp\/v2\/users\/1"}],"replies":[{"embeddable":true,"href":"https:\/\/www.las3liebres.eu\/index.php?rest_route=%2Fwp%2Fv2%2Fcomments&post=1192"}],"version-history":[{"count":10,"href":"https:\/\/www.las3liebres.eu\/index.php?rest_route=\/wp\/v2\/pages\/1192\/revisions"}],"predecessor-version":[{"id":1227,"href":"https:\/\/www.las3liebres.eu\/index.php?rest_route=\/wp\/v2\/pages\/1192\/revisions\/1227"}],"wp:attachment":[{"href":"https:\/\/www.las3liebres.eu\/index.php?rest_route=%2Fwp%2Fv2%2Fmedia&parent=1192"}],"curies":[{"name":"wp","href":"https:\/\/api.w.org\/{rel}","templated":true}]}}